{"id":172318,"date":"2026-02-19T11:16:08","date_gmt":"2026-02-19T10:16:08","guid":{"rendered":"https:\/\/www.luxlimo.es\/politica-de-cookies\/"},"modified":"2026-02-24T15:51:40","modified_gmt":"2026-02-24T14:51:40","slug":"cookies-policy","status":"publish","type":"page","link":"https:\/\/www.luxlimo.es\/en\/cookies-policy\/","title":{"rendered":"Cookies policy"},"content":{"rendered":"<div class=\"wpb-content-wrapper\"><p>[vc_row][vc_column width=&#8221;1\/1&#8243;][vc_custom_heading auto_text=&#8221;yes&#8221; heading_semantic=&#8221;h1&#8243; uncode_shortcode_id=&#8221;162968&#8243;]This is a custom heading element.[\/vc_custom_heading][vc_column_text uncode_shortcode_id=&#8221;121837&#8243;]<strong>\u00bfQu\u00e9 son las cookies?<\/strong><\/p>\n<p>&nbsp;<\/p>\n<p>Este sitio web utiliza cookies y\/o tecnolog\u00edas similares que almacenan y recuperan informaci\u00f3n cuando navegas. En general, estas tecnolog\u00edas pueden servir para finalidades muy diversas, como, por ejemplo, reconocerte como usuario, obtener informaci\u00f3n sobre tus h\u00e1bitos de navegaci\u00f3n, o personalizar la forma en que se muestra el contenido. Los usos concretos que hacemos de estas tecnolog\u00edas se describen a continuaci\u00f3n.<\/p>\n<p>&nbsp;<\/p>\n<p><strong>\u00bfPara qu\u00e9 utiliza las cookies esta p\u00e1gina web y cu\u00e1les son?<\/strong><\/p>\n<p>Esta p\u00e1gina web utiliza las cookies para una serie de finalidades, incluidas:<\/p>\n<ul class=\"privacy-cookies-list\">\n<li>De an\u00e1lisis: son aquellas cookies que bien, tratadas por nosotros o por terceros, nos permiten cuantificar el n\u00famero de usuarios y as\u00ed realizar la medici\u00f3n y an\u00e1lisis estad\u00edstico de la utilizaci\u00f3n que hacen los usuarios del servicio. Para ello se analiza su navegaci\u00f3n en nuestra p\u00e1gina web con el fin de mejorar la experiencia del usuario.<\/li>\n<li>Publicidad comportamental: son aquellas cookies que bien, tratadas por nosotros o por terceros, permiten analizar los h\u00e1bitos de navegaci\u00f3n de los usuarios en Internet para poder mostrarles publicidad relacionada con su perfil de navegaci\u00f3n.<\/li>\n<li>Personalizaci\u00f3n o preferencia: Son aqu\u00e9llas que permiten al usuario acceder al servicio con algunas caracter\u00edsticas de car\u00e1cter general predefinidas en funci\u00f3n de una serie de criterios en el terminal del usuario como por ejemplo ser\u00edan el aspecto que tiene, como su idioma preferido o la regi\u00f3n en la que usted se encuentra.<\/li>\n<li>T\u00e9cnica o necesaria: Las cookies necesarias ayudan a hacer una p\u00e1gina web utilizable activando funciones b\u00e1sicas como la navegaci\u00f3n en la p\u00e1gina y el acceso a \u00e1reas seguras de la p\u00e1gina web. Permiten por ejemplo, controlar el tr\u00e1fico y la comunicaci\u00f3n de datos, acceder a partes de acceso restringido, utilizar elementos de seguridad, almacenar contenidos para poder difundir v\u00eddeos o compartir contenidos a trav\u00e9s de redes sociales. La p\u00e1gina web no puede funcionar adecuadamente sin estas cookies.<\/li>\n<\/ul>\n<p>La identificaci\u00f3n de qui\u00e9n utiliza las cookies de este sitio web, as\u00ed como los detalles de las mismas, se indican a continuaci\u00f3n:<\/p>\n<div>\n<p><script id=\"CookieDeclaration\" src=\"https:\/\/consent.cookiebot.com\/57579f97-2f1e-4096-b115-791d4b391118\/cd.js\" type=\"text\/javascript\" async=\"\"><\/script><\/p>\n<p><strong>\u00bfC\u00f3mo puedo desactivar o eliminar estas cookies?<\/strong><\/p>\n<p>Puede usted permitir o bloquear las cookies, as\u00ed como borrar sus datos de navegaci\u00f3n (incluidas las cookies) desde el navegador que usted utiliza. Consulte las opciones e instrucciones que ofrece su navegador para ello. Tenga en cuenta que si acepta las cookies de terceros, deber\u00e1 eliminarlas desde las opciones del navegador o desde el sistema ofrecido por el propio tercero.<\/p>\n<p>A continuaci\u00f3n tiene disponibles los enlaces con la informaci\u00f3n para gestionar las cookies de los navegadores m\u00e1s utilizados:<\/p>\n<p><strong>Firefox<\/strong><\/p>\n<p><a class=\"privacy-cookies-link\" href=\"https:\/\/support.mozilla.org\/es\/kb\/habilitar-y-deshabilitar-cookies-que-los-sitios-we\" target=\"_blank\" rel=\"noopener\">https:\/\/support.mozilla.org\/es\/kb\/habilitar-y-deshabilitar-cookies-que-los-sitios-we<\/a><\/p>\n<p><strong>Chrome<\/strong><\/p>\n<p><a class=\"privacy-cookies-link\" href=\"https:\/\/support.google.com\/chrome\/bin\/answer.py?hl=es&amp;answer=95647\" target=\"_blank\" rel=\"noopener\">https:\/\/support.google.com\/chrome\/bin\/answer.py?hl=es&amp;answer=95647<\/a><\/p>\n<p><strong>Internet Explorer<\/strong><\/p>\n<p><a class=\"privacy-cookies-link\" href=\"https:\/\/support.microsoft.com\/es-es\/help\/278835\/how-to-delete-cookie-files-in-internet-explorer\" target=\"_blank\" rel=\"noopener\"><span lang=\"en-US\">https:\/\/support.microsoft.com\/es-es\/help\/278835\/how-to-delete-cookie-files-in-internet-explorer<\/span><\/a><\/p>\n<p><strong>Microsoft Edge<\/strong><\/p>\n<p><a class=\"privacy-cookies-link\" href=\"https:\/\/support.microsoft.com\/es-es\/help\/4027947\/microsoft-edge-delete-cookies\" target=\"_blank\" rel=\"noopener\"><span lang=\"en-US\">https:\/\/support.microsoft.com\/es-es\/help\/4027947\/microsoft-edge-delete-cookies<\/span><\/a><\/p>\n<p><strong>Safari<\/strong><\/p>\n<p><a class=\"privacy-cookies-link\" href=\"https:\/\/support.apple.com\/kb\/ph5042\" target=\"_blank\" rel=\"noopener\"><span lang=\"en-US\">https:\/\/support.apple.com\/kb\/ph5042<\/span><\/a><\/p>\n<p><strong>Opera<\/strong><\/p>\n<p><a class=\"privacy-cookies-link\" href=\"https:\/\/help.opera.com\/Windows\/11.50\/es-ES\/cookies.html\" target=\"_blank\" rel=\"noopener\"><span lang=\"en-US\">https:\/\/help.opera.com\/Windows\/11.50\/es-ES\/cookies.html<\/span><\/a><\/p>\n<p><strong>Otros navegadores<\/strong><\/p>\n<p>Consulte la documentaci\u00f3n del navegador que tenga instalado.<\/p>\n<p>&nbsp;<\/p>\n<p><strong>Complemento de inhabilitaci\u00f3n para navegadores de Google Analytics<\/strong><\/p>\n<p>Si desea rechazar las cookies anal\u00edticas de Google Analytics en todos los navegadores, de forma que no se env\u00ede informaci\u00f3n suya a Google Analytics, puede descargar un complemento que realiza esta funci\u00f3n desde este enlace: https:\/\/tools.google.com\/dlpage\/gaoptout.<\/p>\n<\/div>\n<p>[\/vc_column_text][\/vc_column][\/vc_row]<\/p>\n<\/div>","protected":false},"excerpt":{"rendered":"<p>[vc_row][vc_column width=&#8221;1\/1&#8243;][vc_custom_heading auto_text=&#8221;yes&#8221; heading_semantic=&#8221;h1&#8243; uncode_shortcode_id=&#8221;162968&#8243;]This is a custom heading element.[\/vc_custom_heading][vc_column_text uncode_shortcode_id=&#8221;121837&#8243;]\u00bfQu\u00e9 son las cookies? &nbsp; Este sitio web utiliza cookies [&hellip;]<\/p>\n","protected":false},"author":1,"featured_media":0,"parent":0,"menu_order":7,"comment_status":"closed","ping_status":"closed","template":"","meta":{"footnotes":""},"class_list":["post-172318","page","type-page","status-publish","hentry"],"aioseo_notices":[],"_links":{"self":[{"href":"https:\/\/www.luxlimo.es\/en\/wp-json\/wp\/v2\/pages\/172318","targetHints":{"allow":["GET"]}}],"collection":[{"href":"https:\/\/www.luxlimo.es\/en\/wp-json\/wp\/v2\/pages"}],"about":[{"href":"https:\/\/www.luxlimo.es\/en\/wp-json\/wp\/v2\/types\/page"}],"author":[{"embeddable":true,"href":"https:\/\/www.luxlimo.es\/en\/wp-json\/wp\/v2\/users\/1"}],"replies":[{"embeddable":true,"href":"https:\/\/www.luxlimo.es\/en\/wp-json\/wp\/v2\/comments?post=172318"}],"version-history":[{"count":5,"href":"https:\/\/www.luxlimo.es\/en\/wp-json\/wp\/v2\/pages\/172318\/revisions"}],"predecessor-version":[{"id":172507,"href":"https:\/\/www.luxlimo.es\/en\/wp-json\/wp\/v2\/pages\/172318\/revisions\/172507"}],"wp:attachment":[{"href":"https:\/\/www.luxlimo.es\/en\/wp-json\/wp\/v2\/media?parent=172318"}],"curies":[{"name":"wp","href":"https:\/\/api.w.org\/{rel}","templated":true}]}}